{"id":6535,"date":"2018-04-05T18:00:00","date_gmt":"2018-04-05T17:00:00","guid":{"rendered":"https:\/\/levaco.be\/fret-maritime\/"},"modified":"2024-03-12T16:50:25","modified_gmt":"2024-03-12T15:50:25","slug":"fret-maritime","status":"publish","type":"page","link":"https:\/\/levaco.be\/fr\/nos-services\/fret-maritime\/","title":{"rendered":"FRET MARITIME"},"content":{"rendered":"<p><div class=\"fusion-fullwidth fullwidth-box fusion-builder-row-1 nonhundred-percent-fullwidth non-hundred-percent-height-scrolling\" style=\"--awb-border-radius-top-left:0px;--awb-border-radius-top-right:0px;--awb-border-radius-bottom-right:0px;--awb-border-radius-bottom-left:0px;--awb-flex-wrap:wrap;\" ><div class=\"fusion-builder-row fusion-row\"><div class=\"fusion-layout-column fusion_builder_column fusion-builder-column-0 fusion_builder_column_1_2 1_2 fusion-one-half fusion-column-first\" style=\"--awb-bg-size:cover;width:50%;width:calc(50% - ( ( 4% ) * 0.5 ) );margin-right: 4%;\"><div class=\"fusion-column-wrapper fusion-flex-column-wrapper-legacy\"><div class=\"fusion-text fusion-text-1\"><h3 style=\"text-align: center;\">Services de fret maritime<\/h3>\n<p>Le fret maritime constitue depuis longtemps une excellente solution pour le transport intercontinental, et est reconnu comme \u00e9l\u00e9ment essentiel du commerce mondial et du d\u00e9veloppement durable.<\/p>\n<p>Le fret maritime est un moyen efficace et \u00e9conome de transporter de grandes quantit\u00e9s d&rsquo;un produit et est donc souvent utilis\u00e9 par les personnes qui importent des marchandises en provenance de Chine ou ailleurs dans le monde.<\/p>\n<p>Gr\u00e2ce \u00e0 l&rsquo;important volume de transport maritime que nous livrons et la large gamme de transporteurs avec lesquels nous travaillons, nous sommes en mesure de vous offrir des tarifs comp\u00e9titifs, l&rsquo;allocation d&rsquo;espace fixe et un excellent suivi.<\/p>\n<p>Notre forte exp\u00e9rience dans le fret maritime et notre personnel bien form\u00e9, soutenu par notre r\u00e9seau mondial, vous permettra de naviguer \u00e0 travers le monde complexe du fret maritime et ses r\u00e8gles et r\u00e8glementations bien sp\u00e9cifiques.<\/p>\n<\/div><div class=\"fusion-text fusion-text-2\"><h4 style=\"text-align: center;\">N&rsquo;h\u00e9sitez pas \u00e0 nous contacter pour en savoir plus sur nos solutions de fret maritime.<\/h4>\n<\/div><div class=\"fusion-aligncenter\"><a class=\"fusion-button button-flat fusion-button-default-size button-default fusion-button-default button-1 fusion-button-default-span fusion-button-default-type\" target=\"_self\" href=\"https:\/\/levaco.be\/contact\/?lang=fr\"><span class=\"fusion-button-text awb-button__text awb-button__text--default\">Contactez-nous<\/span><\/a><\/div><div class=\"fusion-clearfix\"><\/div><\/div><\/div><div class=\"fusion-layout-column fusion_builder_column fusion-builder-column-1 fusion_builder_column_1_2 1_2 fusion-one-half fusion-column-last\" style=\"--awb-bg-size:cover;width:50%;width:calc(50% - ( ( 4% ) * 0.5 ) );\"><div class=\"fusion-column-wrapper fusion-flex-column-wrapper-legacy\"><div class=\"fusion-image-element in-legacy-container\" style=\"--awb-caption-title-font-family:var(--h2_typography-font-family);--awb-caption-title-font-weight:var(--h2_typography-font-weight);--awb-caption-title-font-style:var(--h2_typography-font-style);--awb-caption-title-size:var(--h2_typography-font-size);--awb-caption-title-transform:var(--h2_typography-text-transform);--awb-caption-title-line-height:var(--h2_typography-line-height);--awb-caption-title-letter-spacing:var(--h2_typography-letter-spacing);\"><span class=\" fusion-imageframe imageframe-none imageframe-1 hover-type-none\"><img decoding=\"async\" width=\"1250\" height=\"1180\" alt=\"sea freight services\" title=\"sea freight services\" src=\"https:\/\/levaco.be\/wp-content\/uploads\/2018\/09\/sea-freight-services.jpg\" class=\"img-responsive wp-image-6539\" srcset=\"https:\/\/levaco.be\/wp-content\/uploads\/2018\/09\/sea-freight-services-200x189.jpg 200w, https:\/\/levaco.be\/wp-content\/uploads\/2018\/09\/sea-freight-services-400x378.jpg 400w, https:\/\/levaco.be\/wp-content\/uploads\/2018\/09\/sea-freight-services-600x566.jpg 600w, https:\/\/levaco.be\/wp-content\/uploads\/2018\/09\/sea-freight-services-800x755.jpg 800w, https:\/\/levaco.be\/wp-content\/uploads\/2018\/09\/sea-freight-services-1200x1133.jpg 1200w, https:\/\/levaco.be\/wp-content\/uploads\/2018\/09\/sea-freight-services.jpg 1250w\" sizes=\"(max-width: 800px) 100vw, 800px\" \/><\/span><\/div><div class=\"fusion-clearfix\"><\/div><\/div><\/div><\/div><\/div><div class=\"fusion-fullwidth fullwidth-box fusion-builder-row-2 nonhundred-percent-fullwidth non-hundred-percent-height-scrolling\" style=\"--awb-border-radius-top-left:0px;--awb-border-radius-top-right:0px;--awb-border-radius-bottom-right:0px;--awb-border-radius-bottom-left:0px;--awb-padding-top:50px;--awb-flex-wrap:wrap;\" ><div class=\"fusion-builder-row fusion-row\"><div class=\"fusion-layout-column fusion_builder_column fusion-builder-column-2 fusion_builder_column_1_1 1_1 fusion-one-full fusion-column-first fusion-column-last\" style=\"--awb-bg-size:cover;\"><div class=\"fusion-column-wrapper fusion-flex-column-wrapper-legacy\"><div class=\"fusion-text fusion-text-3\"><h2 style=\"text-align: center;\">NOS SERVICES DE FRET MARITIME<\/h2>\n<\/div><div class=\"fusion-clearfix\"><\/div><\/div><\/div><\/div><\/div><div class=\"fusion-fullwidth fullwidth-box fusion-builder-row-3 nonhundred-percent-fullwidth non-hundred-percent-height-scrolling\" style=\"--awb-border-radius-top-left:0px;--awb-border-radius-top-right:0px;--awb-border-radius-bottom-right:0px;--awb-border-radius-bottom-left:0px;--awb-flex-wrap:wrap;\" ><div class=\"fusion-builder-row fusion-row\"><div class=\"fusion-layout-column fusion_builder_column fusion-builder-column-3 fusion_builder_column_1_1 1_1 fusion-one-full fusion-column-first fusion-column-last\" style=\"--awb-bg-size:cover;\"><div class=\"fusion-column-wrapper fusion-flex-column-wrapper-legacy\"><div class=\"fusion-flip-boxes flip-boxes row fusion-columns-4 flip-effect-classic\"><div class=\"fusion-flip-box-wrapper fusion-column col-lg-3 col-md-3 col-sm-3\"><div class=\"fusion-flip-box flip-right\" tabindex=\"0\"><div class=\"flip-box-inner-wrapper\"><div class=\"flip-box-front\" style=\"--awb-background-color-front:#00bdd4;--awb-title-front-color:#ffffff;\"><div class=\"flip-box-front-inner\"><div class=\"flip-box-grafix flip-box-image\"><img decoding=\"async\" src=\"https:\/\/levaco.be\/wp-content\/uploads\/2018\/11\/levaco-seafreight-import-flipb.jpg\" width=\"300\" height=\"300\" alt=\"levaco seafreight import flipb\" \/><\/div><h2 class=\"flip-box-heading without-text\">Importation<\/h2><\/div><\/div><div class=\"flip-box-back\" style=\"--awb-background-color-back:#004164;\"><div class=\"flip-box-back-inner\"><h3 class=\"flip-box-heading-back\">Importation<\/h3>\n<div class=\"fusion-aligncenter\"><a class=\"fusion-button button-flat fusion-button-default-size button-default fusion-button-default button-2 fusion-button-default-span fusion-button-default-type\" target=\"_self\" href=\"https:\/\/levaco.be\/fr\/nos-services\/fret-maritime\/importation-fret-maritime\/\"><span class=\"fusion-button-text awb-button__text awb-button__text--default\">Plus d&rsquo;infos&#8230;<\/span><i class=\"fa-arrow-right fas awb-button__icon awb-button__icon--default button-icon-right\" aria-hidden=\"true\"><\/i><\/a><\/div>\n<\/div><\/div><\/div><\/div><\/div><div class=\"fusion-flip-box-wrapper fusion-column col-lg-3 col-md-3 col-sm-3\"><div class=\"fusion-flip-box flip-right\" tabindex=\"0\"><div class=\"flip-box-inner-wrapper\"><div class=\"flip-box-front\" style=\"--awb-background-color-front:#00bdd4;--awb-title-front-color:#ffffff;\"><div class=\"flip-box-front-inner\"><div class=\"flip-box-grafix flip-box-image\"><img decoding=\"async\" src=\"https:\/\/levaco.be\/wp-content\/uploads\/2018\/11\/levaco-seafreight-export-flipb.jpg\" width=\"300\" height=\"300\" alt=\"levaco seafreight export flipb\" \/><\/div><h2 class=\"flip-box-heading without-text\">Exportation<\/h2><\/div><\/div><div class=\"flip-box-back\" style=\"--awb-background-color-back:#004164;\"><div class=\"flip-box-back-inner\"><h3 class=\"flip-box-heading-back\">Exportation<\/h3>\n<div class=\"fusion-aligncenter\"><a class=\"fusion-button button-flat fusion-button-default-size button-default fusion-button-default button-3 fusion-button-default-span fusion-button-default-type\" target=\"_self\" href=\"https:\/\/levaco.be\/fr\/nos-services\/fret-maritime\/exportation-fret-maritime\/\"><span class=\"fusion-button-text awb-button__text awb-button__text--default\">Plus d&rsquo;infos&#8230;<\/span><i class=\"fa-arrow-right fas awb-button__icon awb-button__icon--default button-icon-right\" aria-hidden=\"true\"><\/i><\/a><\/div>\n<\/div><\/div><\/div><\/div><\/div><div class=\"fusion-flip-box-wrapper fusion-column col-lg-3 col-md-3 col-sm-3\"><div class=\"fusion-flip-box flip-right\" tabindex=\"0\"><div class=\"flip-box-inner-wrapper\"><div class=\"flip-box-front\" style=\"--awb-background-color-front:#00bdd4;--awb-title-front-color:#ffffff;\"><div class=\"flip-box-front-inner\"><div class=\"flip-box-grafix flip-box-image\"><img decoding=\"async\" src=\"https:\/\/levaco.be\/wp-content\/uploads\/2018\/11\/levaco-seafreight-containers.jpg\" width=\"300\" height=\"300\" alt=\"levaco-seafreight-containers\" \/><\/div><h2 class=\"flip-box-heading without-text\">Conteneurs<\/h2><\/div><\/div><div class=\"flip-box-back\" style=\"--awb-background-color-back:#004164;\"><div class=\"flip-box-back-inner\"><h3 class=\"flip-box-heading-back\">Conteneurs<\/h3>\n<div class=\"fusion-aligncenter\"><a class=\"fusion-button button-flat fusion-button-default-size button-default fusion-button-default button-4 fusion-button-default-span fusion-button-default-type\" target=\"_self\" href=\"https:\/\/levaco.be\/fr\/nos-services\/fret-maritime\/conteneurs-de-transport-maritime\/\"><span class=\"fusion-button-text awb-button__text awb-button__text--default\">Plus d&rsquo;infos&#8230;<\/span><i class=\"fa-arrow-right fas awb-button__icon awb-button__icon--default button-icon-right\" aria-hidden=\"true\"><\/i><\/a><\/div>\n<\/div><\/div><\/div><\/div><\/div><div class=\"fusion-flip-box-wrapper fusion-column col-lg-3 col-md-3 col-sm-3\"><div class=\"fusion-flip-box flip-right\" tabindex=\"0\"><div class=\"flip-box-inner-wrapper\"><div class=\"flip-box-front\" style=\"--awb-background-color-front:#00bdd4;--awb-title-front-color:#ffffff;\"><div class=\"flip-box-front-inner\"><div class=\"flip-box-grafix flip-box-image\"><img decoding=\"async\" src=\"https:\/\/levaco.be\/wp-content\/uploads\/2018\/11\/levaco-seafreight-consolidation.jpg\" width=\"300\" height=\"300\" alt=\"levaco-seafreight-consolidation\" \/><\/div><h2 class=\"flip-box-heading without-text\">Groupage<\/h2><\/div><\/div><div class=\"flip-box-back\" style=\"--awb-background-color-back:#004164;\"><div class=\"flip-box-back-inner\"><h3 class=\"flip-box-heading-back\">Groupage<\/h3>\n<div class=\"fusion-aligncenter\"><a class=\"fusion-button button-flat fusion-button-default-size button-default fusion-button-default button-5 fusion-button-default-span fusion-button-default-type\" target=\"_self\" href=\"https:\/\/levaco.be\/fr\/nos-services\/fret-maritime\/groupage-maritime\/\"><span class=\"fusion-button-text awb-button__text awb-button__text--default\">Plus d&rsquo;infos&#8230;<\/span><i class=\"fa-arrow-right fas awb-button__icon awb-button__icon--default button-icon-right\" aria-hidden=\"true\"><\/i><\/a><\/div>\n<\/div><\/div><\/div><\/div><\/div><\/div><div class=\"clearfix\"><\/div><div class=\"fusion-flip-boxes flip-boxes row fusion-columns-4 flip-effect-classic\"><div class=\"fusion-flip-box-wrapper fusion-column col-lg-3 col-md-3 col-sm-3\"><div class=\"fusion-flip-box flip-right\" tabindex=\"0\"><div class=\"flip-box-inner-wrapper\"><div class=\"flip-box-front\" style=\"--awb-background-color-front:#00bdd4;--awb-title-front-color:#ffffff;\"><div class=\"flip-box-front-inner\"><div class=\"flip-box-grafix flip-box-image\"><img decoding=\"async\" src=\"https:\/\/levaco.be\/wp-content\/uploads\/2018\/11\/levaco-seafreight-roro-flipb.jpg\" width=\"300\" height=\"300\" alt=\"levaco seafreight roro flipb\" \/><\/div><h2 class=\"flip-box-heading without-text\">Ro-Ro<\/h2><\/div><\/div><div class=\"flip-box-back\" style=\"--awb-background-color-back:#004164;\"><div class=\"flip-box-back-inner\"><h3 class=\"flip-box-heading-back\">Ro-Ro<\/h3>\n<div class=\"fusion-aligncenter\"><a class=\"fusion-button button-flat fusion-button-default-size button-default fusion-button-default button-6 fusion-button-default-span fusion-button-default-type\" target=\"_self\"><span class=\"fusion-button-text awb-button__text awb-button__text--default\">Plus d&rsquo;infos&#8230;<\/span><i class=\"fa-arrow-right fas awb-button__icon awb-button__icon--default button-icon-right\" aria-hidden=\"true\"><\/i><\/a><\/div>\n<\/div><\/div><\/div><\/div><\/div><div class=\"fusion-flip-box-wrapper fusion-column col-lg-3 col-md-3 col-sm-3\"><div class=\"fusion-flip-box flip-right\" tabindex=\"0\"><div class=\"flip-box-inner-wrapper\"><div class=\"flip-box-front\" style=\"--awb-background-color-front:#00bdd4;--awb-title-front-color:#ffffff;\"><div class=\"flip-box-front-inner\"><div class=\"flip-box-grafix flip-box-image\"><img decoding=\"async\" src=\"https:\/\/levaco.be\/wp-content\/uploads\/2018\/11\/levaco-seafreight-breakbulk.jpg\" width=\"300\" height=\"300\" alt=\"levaco-seafreight-breakbulk\" \/><\/div><h2 class=\"flip-box-heading without-text\">Marchandises Diverses<\/h2><\/div><\/div><div class=\"flip-box-back\" style=\"--awb-background-color-back:#004164;\"><div class=\"flip-box-back-inner\"><h3 class=\"flip-box-heading-back\">Marchandises Diverses<\/h3>\n<div class=\"fusion-aligncenter\"><a class=\"fusion-button button-flat fusion-button-default-size button-default fusion-button-default button-7 fusion-button-default-span fusion-button-default-type\" target=\"_self\" href=\"https:\/\/levaco.be\/fr\/nos-services\/fret-maritime\/fret-maritime-de-marchandises-diverses\/\"><span class=\"fusion-button-text awb-button__text awb-button__text--default\">Plus d&rsquo;infos&#8230;<\/span><i class=\"fa-arrow-right fas awb-button__icon awb-button__icon--default button-icon-right\" aria-hidden=\"true\"><\/i><\/a><\/div>\n<\/div><\/div><\/div><\/div><\/div><div class=\"fusion-flip-box-wrapper fusion-column col-lg-3 col-md-3 col-sm-3\"><div class=\"fusion-flip-box flip-right\" tabindex=\"0\"><div class=\"flip-box-inner-wrapper\"><div class=\"flip-box-front\" style=\"--awb-background-color-front:#00bdd4;--awb-title-front-color:#ffffff;\"><div class=\"flip-box-front-inner\"><div class=\"flip-box-grafix flip-box-image\"><img decoding=\"async\" src=\"https:\/\/levaco.be\/wp-content\/uploads\/2018\/11\/levaco-seafreight-multimodal.jpg\" width=\"300\" height=\"300\" alt=\"levaco-seafreight-multimodal\" \/><\/div><h2 class=\"flip-box-heading without-text\">Multimodal<\/h2><\/div><\/div><div class=\"flip-box-back\" style=\"--awb-background-color-back:#004164;\"><div class=\"flip-box-back-inner\"><h3 class=\"flip-box-heading-back\">Multimodal<\/h3>\n<div class=\"fusion-aligncenter\"><a class=\"fusion-button button-flat fusion-button-default-size button-default fusion-button-default button-8 fusion-button-default-span fusion-button-default-type\" target=\"_self\" href=\"https:\/\/levaco.be\/fr\/nos-services\/fret-maritime\/fret-maritime-multimodal\/\"><span class=\"fusion-button-text awb-button__text awb-button__text--default\">Plus d&rsquo;infos&#8230;<\/span><i class=\"fa-arrow-right fas awb-button__icon awb-button__icon--default button-icon-right\" aria-hidden=\"true\"><\/i><\/a><\/div>\n<\/div><\/div><\/div><\/div><\/div><div class=\"fusion-flip-box-wrapper fusion-column col-lg-3 col-md-3 col-sm-3\"><div class=\"fusion-flip-box flip-right\" tabindex=\"0\"><div class=\"flip-box-inner-wrapper\"><div class=\"flip-box-front\" style=\"--awb-background-color-front:#00bdd4;--awb-title-front-color:#ffffff;\"><div class=\"flip-box-front-inner\"><div class=\"flip-box-grafix flip-box-image\"><img decoding=\"async\" src=\"https:\/\/levaco.be\/wp-content\/uploads\/2018\/11\/levaco-seafreight-global.jpg\" width=\"300\" height=\"300\" alt=\"\" \/><\/div><h2 class=\"flip-box-heading without-text\">Global<\/h2><\/div><\/div><div class=\"flip-box-back\" style=\"--awb-background-color-back:#004164;\"><div class=\"flip-box-back-inner\"><h3 class=\"flip-box-heading-back\">Global<\/h3>\n<div class=\"fusion-aligncenter\"><a class=\"fusion-button button-flat fusion-button-default-size button-default fusion-button-default button-9 fusion-button-default-span fusion-button-default-type\" target=\"_self\" href=\"https:\/\/levaco.be\/services\/seafreight\/seafreight-global\/\"><span class=\"fusion-button-text awb-button__text awb-button__text--default\">Plus d&rsquo;infos&#8230;<\/span><i class=\"fa-arrow-right fas awb-button__icon awb-button__icon--default button-icon-right\" aria-hidden=\"true\"><\/i><\/a><\/div>\n<\/div><\/div><\/div><\/div><\/div><\/div><div class=\"clearfix\"><\/div><div class=\"fusion-clearfix\"><\/div><\/div><\/div><\/div><\/div><\/p>\n","protected":false},"excerpt":{"rendered":"","protected":false},"author":4,"featured_media":0,"parent":6545,"menu_order":1,"comment_status":"closed","ping_status":"closed","template":"","meta":{"footnotes":""},"class_list":["post-6535","page","type-page","status-publish","hentry"],"_links":{"self":[{"href":"https:\/\/levaco.be\/fr\/wp-json\/wp\/v2\/pages\/6535","targetHints":{"allow":["GET"]}}],"collection":[{"href":"https:\/\/levaco.be\/fr\/wp-json\/wp\/v2\/pages"}],"about":[{"href":"https:\/\/levaco.be\/fr\/wp-json\/wp\/v2\/types\/page"}],"author":[{"embeddable":true,"href":"https:\/\/levaco.be\/fr\/wp-json\/wp\/v2\/users\/4"}],"replies":[{"embeddable":true,"href":"https:\/\/levaco.be\/fr\/wp-json\/wp\/v2\/comments?post=6535"}],"version-history":[{"count":5,"href":"https:\/\/levaco.be\/fr\/wp-json\/wp\/v2\/pages\/6535\/revisions"}],"predecessor-version":[{"id":6870,"href":"https:\/\/levaco.be\/fr\/wp-json\/wp\/v2\/pages\/6535\/revisions\/6870"}],"up":[{"embeddable":true,"href":"https:\/\/levaco.be\/fr\/wp-json\/wp\/v2\/pages\/6545"}],"wp:attachment":[{"href":"https:\/\/levaco.be\/fr\/wp-json\/wp\/v2\/media?parent=6535"}],"curies":[{"name":"wp","href":"https:\/\/api.w.org\/{rel}","templated":true}]}}